{"id":2329,"date":"2024-06-21T10:41:20","date_gmt":"2024-06-21T08:41:20","guid":{"rendered":"https:\/\/www.mikrogoran.hr\/?page_id=2329"},"modified":"2026-03-13T11:04:12","modified_gmt":"2026-03-13T10:04:12","slug":"unaprjedenje-digitalne-spremnosti-poduzeca-mikrogoran-d-o-o","status":"publish","type":"page","link":"https:\/\/www.mikrogoran.hr\/index.php\/unaprjedenje-digitalne-spremnosti-poduzeca-mikrogoran-d-o-o\/","title":{"rendered":"Unaprje\u0111enje digitalne spremnosti poduze\u0107a MIKROGORAN d.o.o."},"content":{"rendered":"<p>[et_pb_section fb_built=&#8221;1&#8243; admin_label=&#8221;Features&#8221; _builder_version=&#8221;4.18.0&#8243; background_color=&#8221;#f6f8fa&#8221; background_image=&#8221;https:\/\/www.mikrogoran.hr\/wp-content\/uploads\/2021\/04\/cyber-security-18.png&#8221; parallax=&#8221;on&#8221; custom_margin=&#8221;||0px||false|false&#8221; custom_padding=&#8221;||0px|||&#8221; top_divider_height=&#8221;26vw&#8221; top_divider_flip=&#8221;horizontal&#8221; bottom_divider_color=&#8221;#dcecff&#8221; bottom_divider_height=&#8221;30vw&#8221; bottom_divider_arrangement=&#8221;above_content&#8221; locked=&#8221;off&#8221; global_colors_info=&#8221;{}&#8221;][et_pb_row _builder_version=&#8221;4.16&#8243; _module_preset=&#8221;default&#8221; background_enable_image=&#8221;off&#8221; parallax=&#8221;on&#8221; custom_padding=&#8221;41px|||||&#8221; locked=&#8221;off&#8221; global_colors_info=&#8221;{}&#8221;][et_pb_column type=&#8221;4_4&#8243; _builder_version=&#8221;4.16&#8243; _module_preset=&#8221;default&#8221; global_colors_info=&#8221;{}&#8221;][et_pb_text _builder_version=&#8221;4.25.2&#8243; text_font=&#8221;||||||||&#8221; text_text_color=&#8221;#FFFFFF&#8221; header_font=&#8221;Sukhumvit Set|300|||||||&#8221; header_text_color=&#8221;#335371&#8243; header_font_size=&#8221;84px&#8221; background_enable_color=&#8221;off&#8221; background_layout=&#8221;dark&#8221; header_font_size_tablet=&#8221;54px&#8221; header_font_size_phone=&#8221;32px&#8221; header_font_size_last_edited=&#8221;on|desktop&#8221; border_radii=&#8221;on|3px|3px|3px|3px&#8221; locked=&#8221;off&#8221; global_colors_info=&#8221;{}&#8221;]<\/p>\n<h1>Unaprje\u0111enje digitalne spremnosti poduze\u0107a MIKROGORAN d.o.o.<\/h1>\n<p>[\/et_pb_text][et_pb_image src=&#8221;https:\/\/www.mikrogoran.hr\/wp-content\/uploads\/2024\/06\/HR_Financira_Europska_unija.png&#8221; title_text=&#8221;HR_Financira_Europska_unija&#8221; _builder_version=&#8221;4.25.2&#8243; _module_preset=&#8221;default&#8221; global_colors_info=&#8221;{}&#8221;][\/et_pb_image][\/et_pb_column][\/et_pb_row][et_pb_row _builder_version=&#8221;4.17.6&#8243; custom_padding=&#8221;||75px||false|false&#8221; global_colors_info=&#8221;{}&#8221;][et_pb_column type=&#8221;4_4&#8243; _builder_version=&#8221;4.16&#8243; global_colors_info=&#8221;{}&#8221;][et_pb_divider color=&#8221;#335371&#8243; divider_weight=&#8221;2px&#8221; _builder_version=&#8221;4.17.6&#8243; width=&#8221;100px&#8221; custom_margin=&#8221;||0px&#8221; locked=&#8221;off&#8221; global_colors_info=&#8221;{}&#8221;][\/et_pb_divider][et_pb_text _builder_version=&#8221;4.25.2&#8243; text_font=&#8221;Overpass|300|||||||&#8221; text_text_color=&#8221;#335371&#8243; text_font_size=&#8221;17px&#8221; text_line_height=&#8221;1.8em&#8221; background_layout=&#8221;dark&#8221; custom_margin=&#8221;||-128px|||&#8221; text_font_size_tablet=&#8221;&#8221; text_font_size_phone=&#8221;14px&#8221; text_font_size_last_edited=&#8221;on|desktop&#8221; locked=&#8221;off&#8221; global_colors_info=&#8221;{}&#8221;]<\/p>\n<p><strong><\/strong><\/p>\n<p><strong><\/strong><\/p>\n<p><strong><\/strong><\/p>\n<p><strong>Kratki opis projekta: Projekt Unaprje\u0111enje digitalne spremnosti poduze\u0107a MIKROGORAN d.o.o. adresira problem nedovoljne digitalizacije i automatizacije poslovnih procesa. Op\u0107i cilj koji \u0107e se posti\u0107i projektom je pove\u0107anje konkurentnosti poduze\u0107a kroz unaprje\u0111enje razine digitalizacije kori\u0161tenjem digitalnih tehnologija u poslovanju. Ciljne skupine obuhva\u0107ene projektnim aktivnostima su zaposlenici i dobavlja\u010di poduze\u0107a te lokalno i \u0161ire stanovni\u0161tvo . Klju\u010dan rezultat projekta je unaprje\u0111ena sigurnost digitalnih podataka klijenta<span class=\"Apple-converted-space\">\u00a0 <\/span>koja \u0107e doprinijeti ja\u010danju tr\u017ei\u0161ne pozicije i pove\u0107anju konkurentnosti Poduzetnika stvaranjem sigurnih digitalnih proizvoda i usluga.<\/strong><\/p>\n<p>&nbsp;<\/p>\n<p><strong>Korisnik projekta: MIKROGORAN d.o.o.<\/strong><\/p>\n<p><strong>Ukupna vrijednost projekta: 18.248,75 \u20ac<\/strong><\/p>\n<p><strong>Ukupno prihvatljivi izdaci: 14.599,00 \u20ac<\/strong><\/p>\n<p><strong>EU sufinanciranje projekta: 8.759,40 \u20ac<\/strong><\/p>\n<p>&nbsp;<\/p>\n<p><strong>Razdoblje provedbe projekta odvija se u vremenskom periodu od (20.10.2023. \u2013 20.10.2024.) odnosno 12 mjeseci.<\/strong><\/p>\n<p>&nbsp;<\/p>\n<p><strong>Kontakt osoba za vi\u0161e informacija: Goran Jaja\u0161 , goran@mikrogoran.hr<\/strong><\/p>\n<p>&nbsp;<\/p>\n<p><strong>\u201eFinancira Europska unija \u2013 NextGenerationEU. Izneseni stavovi i mi\u0161ljenja samo su autorova i ne odra\u017eavaju nu\u017eno slu\u017ebena stajali\u0161ta Europske unije ili Europske komisije. Ni Europska unija ni Europska komisija ne mogu se smatrati odgovornima za njih.\u201d<\/strong><\/p>\n<p><strong><\/strong><\/p>\n<p><strong><\/strong><\/p>\n<p><strong><\/strong><\/p>\n<p><strong><\/strong><\/p>\n<p><strong><\/strong><\/p>\n<p><strong><\/strong><\/p>\n<p style=\"text-align: justify;\">[\/et_pb_text][\/et_pb_column][\/et_pb_row][\/et_pb_section][et_pb_section fb_built=&#8221;1&#8243; _builder_version=&#8221;4.17.6&#8243; _module_preset=&#8221;default&#8221; width=&#8221;100%&#8221; max_width=&#8221;100%&#8221; custom_padding=&#8221;0px||7px|||&#8221; locked=&#8221;off&#8221; global_colors_info=&#8221;{}&#8221;][et_pb_row _builder_version=&#8221;4.17.6&#8243; _module_preset=&#8221;default&#8221; width=&#8221;100%&#8221; max_width=&#8221;100%&#8221; custom_padding=&#8221;1px||0px|||&#8221; global_colors_info=&#8221;{}&#8221;][et_pb_column type=&#8221;4_4&#8243; _builder_version=&#8221;4.17.6&#8243; _module_preset=&#8221;default&#8221; global_colors_info=&#8221;{}&#8221;][et_pb_code _builder_version=&#8221;4.17.6&#8243; _module_preset=&#8221;default&#8221; min_height=&#8221;567.8px&#8221; custom_margin=&#8221;||-25px|||&#8221; global_colors_info=&#8221;{}&#8221;]<iframe <iframe src=\"https:\/\/www.google.com\/maps\/embed?pb=!1m18!1m12!1m3!1d22428.45084925741!2d14.713316779101559!3d45.357767100000004!2m3!1f0!2f0!3f0!3m2!1i1024!2i768!4f13.1!3m3!1m2!1s0x47648560245c6b2d%3A0x8d2ced63c69fca2d!2sMikroGoran%20d.o.o.!5e0!3m2!1sen!2shr!4v1660049879746!5m2!1sen!2shr\" width=\"100%\" height=\"550\" style=\"border:0;\" allowfullscreen=\"\" loading=\"lazy\" referrerpolicy=\"no-referrer-when-downgrade\"><\/iframe>[\/et_pb_code][\/et_pb_column][\/et_pb_row][\/et_pb_section]<\/p>\n","protected":false},"excerpt":{"rendered":"<p>Unaprje\u0111enje digitalne spremnosti poduze\u0107a MIKROGORAN d.o.o. Kratki opis projekta: Projekt Unaprje\u0111enje digitalne spremnosti poduze\u0107a MIKROGORAN d.o.o. adresira problem nedovoljne digitalizacije i automatizacije poslovnih procesa. Op\u0107i cilj koji \u0107e se posti\u0107i projektom je pove\u0107anje konkurentnosti poduze\u0107a kroz unaprje\u0111enje razine digitalizacije kori\u0161tenjem digitalnih tehnologija u poslovanju. Ciljne skupine obuhva\u0107ene projektnim aktivnostima su zaposlenici i dobavlja\u010di poduze\u0107a te [&hellip;]<\/p>\n","protected":false},"author":1,"featured_media":0,"parent":0,"menu_order":0,"comment_status":"closed","ping_status":"closed","template":"","meta":{"_et_pb_use_builder":"on","_et_pb_old_content":"","_et_gb_content_width":"","footnotes":""},"class_list":["post-2329","page","type-page","status-publish","hentry"],"aioseo_notices":[],"_links":{"self":[{"href":"https:\/\/www.mikrogoran.hr\/index.php\/wp-json\/wp\/v2\/pages\/2329","targetHints":{"allow":["GET"]}}],"collection":[{"href":"https:\/\/www.mikrogoran.hr\/index.php\/wp-json\/wp\/v2\/pages"}],"about":[{"href":"https:\/\/www.mikrogoran.hr\/index.php\/wp-json\/wp\/v2\/types\/page"}],"author":[{"embeddable":true,"href":"https:\/\/www.mikrogoran.hr\/index.php\/wp-json\/wp\/v2\/users\/1"}],"replies":[{"embeddable":true,"href":"https:\/\/www.mikrogoran.hr\/index.php\/wp-json\/wp\/v2\/comments?post=2329"}],"version-history":[{"count":3,"href":"https:\/\/www.mikrogoran.hr\/index.php\/wp-json\/wp\/v2\/pages\/2329\/revisions"}],"predecessor-version":[{"id":2352,"href":"https:\/\/www.mikrogoran.hr\/index.php\/wp-json\/wp\/v2\/pages\/2329\/revisions\/2352"}],"wp:attachment":[{"href":"https:\/\/www.mikrogoran.hr\/index.php\/wp-json\/wp\/v2\/media?parent=2329"}],"curies":[{"name":"wp","href":"https:\/\/api.w.org\/{rel}","templated":true}]}}