{"id":1405,"date":"2021-05-06T10:18:33","date_gmt":"2021-05-06T08:18:33","guid":{"rendered":"https:\/\/mikrogoran.hr?page_id=1405"},"modified":"2026-03-13T11:00:26","modified_gmt":"2026-03-13T10:00:26","slug":"europski-strukturni-i-investicijski-fondovi-mikrogoran","status":"publish","type":"page","link":"https:\/\/www.mikrogoran.hr\/index.php\/europski-strukturni-i-investicijski-fondovi-mikrogoran\/","title":{"rendered":"Europski strukturni i investicijski fondovi \u2013 MikroGoran d.o.o."},"content":{"rendered":"<p>[et_pb_section fb_built=&#8221;1&#8243; admin_label=&#8221;Features&#8221; _builder_version=&#8221;4.18.0&#8243; background_color=&#8221;#f6f8fa&#8221; background_image=&#8221;https:\/\/www.mikrogoran.hr\/wp-content\/uploads\/2021\/04\/cyber-security-18.png&#8221; parallax=&#8221;on&#8221; custom_margin=&#8221;||0px||false|false&#8221; custom_padding=&#8221;||0px|||&#8221; top_divider_height=&#8221;26vw&#8221; top_divider_flip=&#8221;horizontal&#8221; bottom_divider_color=&#8221;#dcecff&#8221; bottom_divider_height=&#8221;30vw&#8221; bottom_divider_arrangement=&#8221;above_content&#8221; locked=&#8221;off&#8221; global_colors_info=&#8221;{}&#8221;][et_pb_row _builder_version=&#8221;4.16&#8243; _module_preset=&#8221;default&#8221; background_enable_image=&#8221;off&#8221; parallax=&#8221;on&#8221; custom_padding=&#8221;41px|||||&#8221; locked=&#8221;off&#8221; global_colors_info=&#8221;{}&#8221;][et_pb_column type=&#8221;4_4&#8243; _builder_version=&#8221;4.16&#8243; _module_preset=&#8221;default&#8221; global_colors_info=&#8221;{}&#8221;][et_pb_text _builder_version=&#8221;4.17.6&#8243; text_font=&#8221;||||||||&#8221; text_text_color=&#8221;#FFFFFF&#8221; header_font=&#8221;Sukhumvit Set|300|||||||&#8221; header_text_color=&#8221;#335371&#8243; header_font_size=&#8221;84px&#8221; background_enable_color=&#8221;off&#8221; background_layout=&#8221;dark&#8221; header_font_size_tablet=&#8221;54px&#8221; header_font_size_phone=&#8221;32px&#8221; header_font_size_last_edited=&#8221;on|desktop&#8221; border_radii=&#8221;on|3px|3px|3px|3px&#8221; locked=&#8221;off&#8221; global_colors_info=&#8221;{}&#8221;]<\/p>\n<h1 class=\"p1\">Europski strukturni i investicijski fondovi \u2013 MikroGoran d.o.o.<\/h1>\n<p>[\/et_pb_text][\/et_pb_column][\/et_pb_row][et_pb_row _builder_version=&#8221;4.17.6&#8243; custom_padding=&#8221;||75px||false|false&#8221; global_colors_info=&#8221;{}&#8221;][et_pb_column type=&#8221;4_4&#8243; _builder_version=&#8221;4.16&#8243; global_colors_info=&#8221;{}&#8221;][et_pb_divider color=&#8221;#335371&#8243; divider_weight=&#8221;2px&#8221; _builder_version=&#8221;4.17.6&#8243; width=&#8221;100px&#8221; custom_margin=&#8221;||0px&#8221; locked=&#8221;off&#8221; global_colors_info=&#8221;{}&#8221;][\/et_pb_divider][et_pb_text _builder_version=&#8221;4.16&#8243; text_font=&#8221;Overpass|300|||||||&#8221; text_text_color=&#8221;#335371&#8243; text_font_size=&#8221;17px&#8221; text_line_height=&#8221;1.8em&#8221; background_layout=&#8221;dark&#8221; custom_margin=&#8221;||-128px|||&#8221; text_font_size_tablet=&#8221;&#8221; text_font_size_phone=&#8221;14px&#8221; text_font_size_last_edited=&#8221;on|desktop&#8221; locked=&#8221;off&#8221; global_colors_info=&#8221;{}&#8221;]<\/p>\n<p style=\"text-align: justify;\"><strong>U sklopu projekta E-Impuls nabavljena je sljede\u0107a dugotrajna imovina:<\/strong><\/p>\n<ol style=\"text-align: justify;\">\n<li><strong>Server HP ML 110 Gen9 E5-2620v4 8 GB-R B140i4LFF<\/strong><\/li>\n<li><strong>Notebook ACER A717-71G-755C, NX.GPGEX.016 Linux<\/strong><\/li>\n<li><strong>BUNDLE Notebook LENOVO IdeaPad Legion Y520, 80WK009XSC + SSD KINGSTON KC100 M.2 2280 NVMe<\/strong><\/li>\n<\/ol>\n<p style=\"text-align: justify;\"><strong>Provedena je edukacija djelatnika<\/strong><strong><span>\u00a0<\/span>putem programa usavr\u0161avanja \u2013 specijalist razvoja WEB aplikacija i baza podataka<\/strong><span>\u00a0<\/span><strong>\u00a0u sklopu projekta \u201e<\/strong><strong><em>PRO\u0160IRENJE DJELATNOSTI PUTEM ULAGANJA U RAZVOJ NOVOG SOFTVERSKOG RJE\u0160ENJA<\/em><\/strong><strong>\u201c (KK.03.2.1.06.0479)<\/strong><\/p>\n<ul style=\"text-align: justify;\">\n<li><strong>Dizajn baze podataka<\/strong><\/li>\n<li><strong>SQL jezika<\/strong><\/li>\n<li><strong>Administriranje operacijskog sustava Windows Server I SQL Servera<\/strong><\/li>\n<li><strong>C# programski jezik<\/strong><\/li>\n<li><strong><a href=\"http:\/\/asp.net\/\">ASP.NET<\/a>.<\/strong><\/li>\n<\/ul>\n<p style=\"text-align: justify;\"><strong>Ostvareni rezultati projekta su ulaganje u informati\u010dku opremu i stru\u010dno osposobljavanje djelatnika radi izvr\u0161avanja ciljeva projekta i daljnje nadogradnje postoje\u0107ih informati\u010dkih sustava, te proizvodnja 2 nova programa, koja se dodatno prilago\u0111avaju i usavr\u0161avaju zbog daljnje distribucije ugovornim komitentima<\/strong><\/p>\n<ol style=\"text-align: justify;\">\n<li><strong>a) SOB \u2013 sustav o\u010ditovanja brojila (o\u010ditanje vodomjera na terenu pomo\u0107u mobilnog ure\u0111aja) koji je implementiran u cjelokupni informacijski sustav vanjskog komitenta K.T.D. Vodovod \u017drnovnica d.o.o.<\/strong><\/li>\n<li><strong>b) \u201eRadni nalozi\u201c \u2013 program trenutno u fazi testiranja u internom poslovanju poduze\u0107a MikroGoran d.o.o.<\/strong><\/li>\n<\/ol>\n<p style=\"text-align: justify;\"><strong>\u00a0<\/strong><\/p>\n<p style=\"text-align: justify;\"><strong>Nakon dovr\u0161etka projekta novonastali programski moduli planiraju se implementirati unutar \u201eIntegralnog komunalnog informacijskog sustava\u201c (IKIS) postoje\u0107im i budu\u0107im korisnicima. Unutar razdoblja provedbe projekta ostvareno je planirano zapo\u0161ljavanje dva dodatna djelatnika u sektoru razvoja i odr\u017eavanja programskih proizvoda na koje \u0107e u budu\u0107e educirani zaposlenici prenjeti svoje ste\u010deno znanje i kvalifikacije.<\/strong><\/p>\n<p style=\"text-align: justify;\"><a href=\"http:\/\/www.strukturnifondovi.hr\/\">www.strukturnifondovi.hr<\/a><br \/><a href=\"http:\/\/europski-fondovi.eu\/program\/europski-fond-za-regionalni-razvoj\">Europski fond za regionalni razvoj<\/a><\/p>\n<p>[\/et_pb_text][\/et_pb_column][\/et_pb_row][\/et_pb_section][et_pb_section fb_built=&#8221;1&#8243; _builder_version=&#8221;4.17.6&#8243; _module_preset=&#8221;default&#8221; background_color=&#8221;#f6f8fa&#8221; global_colors_info=&#8221;{}&#8221;][et_pb_row _builder_version=&#8221;4.17.6&#8243; _module_preset=&#8221;default&#8221; global_colors_info=&#8221;{}&#8221;][et_pb_column type=&#8221;4_4&#8243; _builder_version=&#8221;4.17.6&#8243; _module_preset=&#8221;default&#8221; global_colors_info=&#8221;{}&#8221;][et_pb_image src=&#8221;https:\/\/www.mikrogoran.hr\/wp-content\/uploads\/2021\/05\/inf-ploc\u030ca-MG.png&#8221; _builder_version=&#8221;4.18.0&#8243; _module_preset=&#8221;default&#8221; global_colors_info=&#8221;{}&#8221;][\/et_pb_image][\/et_pb_column][\/et_pb_row][\/et_pb_section][et_pb_section fb_built=&#8221;1&#8243; _builder_version=&#8221;4.17.6&#8243; _module_preset=&#8221;default&#8221; width=&#8221;100%&#8221; max_width=&#8221;100%&#8221; custom_padding=&#8221;0px||7px|||&#8221; locked=&#8221;off&#8221; global_colors_info=&#8221;{}&#8221;][et_pb_row _builder_version=&#8221;4.17.6&#8243; _module_preset=&#8221;default&#8221; width=&#8221;100%&#8221; max_width=&#8221;100%&#8221; custom_padding=&#8221;1px||0px|||&#8221; global_colors_info=&#8221;{}&#8221;][et_pb_column type=&#8221;4_4&#8243; _builder_version=&#8221;4.17.6&#8243; _module_preset=&#8221;default&#8221; global_colors_info=&#8221;{}&#8221;][et_pb_code _builder_version=&#8221;4.17.6&#8243; _module_preset=&#8221;default&#8221; min_height=&#8221;567.8px&#8221; custom_margin=&#8221;||-25px|||&#8221; global_colors_info=&#8221;{}&#8221;]<iframe <iframe src=\"https:\/\/www.google.com\/maps\/embed?pb=!1m18!1m12!1m3!1d22428.45084925741!2d14.713316779101559!3d45.357767100000004!2m3!1f0!2f0!3f0!3m2!1i1024!2i768!4f13.1!3m3!1m2!1s0x47648560245c6b2d%3A0x8d2ced63c69fca2d!2sMikroGoran%20d.o.o.!5e0!3m2!1sen!2shr!4v1660049879746!5m2!1sen!2shr\" width=\"100%\" height=\"550\" style=\"border:0;\" allowfullscreen=\"\" loading=\"lazy\" referrerpolicy=\"no-referrer-when-downgrade\"><\/iframe>[\/et_pb_code][\/et_pb_column][\/et_pb_row][\/et_pb_section]<\/p>\n","protected":false},"excerpt":{"rendered":"<p>Europski strukturni i investicijski fondovi \u2013 MikroGoran d.o.o.U sklopu projekta E-Impuls nabavljena je sljede\u0107a dugotrajna imovina: Server HP ML 110 Gen9 E5-2620v4 8 GB-R B140i4LFF Notebook ACER A717-71G-755C, NX.GPGEX.016 Linux BUNDLE Notebook LENOVO IdeaPad Legion Y520, 80WK009XSC + SSD KINGSTON KC100 M.2 2280 NVMe Provedena je edukacija djelatnika\u00a0putem programa usavr\u0161avanja \u2013 specijalist razvoja WEB aplikacija [&hellip;]<\/p>\n","protected":false},"author":1,"featured_media":0,"parent":0,"menu_order":0,"comment_status":"closed","ping_status":"closed","template":"","meta":{"_et_pb_use_builder":"on","_et_pb_old_content":"","_et_gb_content_width":"","footnotes":""},"class_list":["post-1405","page","type-page","status-publish","hentry"],"aioseo_notices":[],"_links":{"self":[{"href":"https:\/\/www.mikrogoran.hr\/index.php\/wp-json\/wp\/v2\/pages\/1405","targetHints":{"allow":["GET"]}}],"collection":[{"href":"https:\/\/www.mikrogoran.hr\/index.php\/wp-json\/wp\/v2\/pages"}],"about":[{"href":"https:\/\/www.mikrogoran.hr\/index.php\/wp-json\/wp\/v2\/types\/page"}],"author":[{"embeddable":true,"href":"https:\/\/www.mikrogoran.hr\/index.php\/wp-json\/wp\/v2\/users\/1"}],"replies":[{"embeddable":true,"href":"https:\/\/www.mikrogoran.hr\/index.php\/wp-json\/wp\/v2\/comments?post=1405"}],"version-history":[{"count":22,"href":"https:\/\/www.mikrogoran.hr\/index.php\/wp-json\/wp\/v2\/pages\/1405\/revisions"}],"predecessor-version":[{"id":2345,"href":"https:\/\/www.mikrogoran.hr\/index.php\/wp-json\/wp\/v2\/pages\/1405\/revisions\/2345"}],"wp:attachment":[{"href":"https:\/\/www.mikrogoran.hr\/index.php\/wp-json\/wp\/v2\/media?parent=1405"}],"curies":[{"name":"wp","href":"https:\/\/api.w.org\/{rel}","templated":true}]}}